{"id":14,"date":"2025-04-21T21:31:06","date_gmt":"2025-04-21T21:31:06","guid":{"rendered":"https:\/\/llamalaamuri.com\/ecommerce\/?page_id=14"},"modified":"2025-04-25T12:22:11","modified_gmt":"2025-04-25T12:22:11","slug":"ebook","status":"publish","type":"page","link":"https:\/\/llamalaamuri.com\/ecommerce\/ebook\/","title":{"rendered":"Ebook"},"content":{"rendered":"\n<h2 class=\"wp-block-heading\"><strong>\u00bfQuer\u00e9s empezar a importar con poca inversi\u00f3n pero no sab\u00e9s por d\u00f3nde arrancar?<\/strong> Este eBook est\u00e1 hecho <strong>100% para vos<\/strong>. Si sos emprendedor o emprendedora, ten\u00e9s un presupuesto ajustado (alrededor de 1000 USD), y quer\u00e9s traer productos exclusivos, crear tu propia marca o simplemente revender y ganar m\u00e1s, ac\u00e1 vas a encontrar <strong>todo lo que necesit\u00e1s saber para importar sin miedo y sin sorpresas<\/strong>.<\/h2>\n\n\n\n<p>Te explico paso a paso c\u00f3mo funciona el mundo de las importaciones desde pa\u00edses como <strong>China, Estados Unidos, Panam\u00e1 y Paraguay<\/strong>, con lenguaje claro, ejemplos reales, estrategias simples y herramientas pr\u00e1cticas. Vas a aprender a evitar estafas, calcular bien los costos, elegir productos rentables, contactar proveedores confiables, vender en redes sociales o MercadoLibre, y <strong>escalar tu negocio desde cero<\/strong>. Ideal si quer\u00e9s libertad financiera, dejar de depender de un solo ingreso y crecer con inteligencia. No importa si no ten\u00e9s experiencia: este eBook es tu mapa para importar con confianza y empezar a ganar desde el primer pedido.<\/p>\n\n\n\n<figure class=\"wp-block-image size-large\"><img loading=\"lazy\" decoding=\"async\" width=\"724\" height=\"1024\" src=\"https:\/\/llamalaamuri.com\/ecommerce\/wp-content\/uploads\/2025\/04\/ebook-de-de-importaciones-724x1024.jpg\" alt=\"\" class=\"wp-image-37\" srcset=\"https:\/\/llamalaamuri.com\/ecommerce\/wp-content\/uploads\/2025\/04\/ebook-de-de-importaciones-724x1024.jpg 724w, https:\/\/llamalaamuri.com\/ecommerce\/wp-content\/uploads\/2025\/04\/ebook-de-de-importaciones-212x300.jpg 212w, https:\/\/llamalaamuri.com\/ecommerce\/wp-content\/uploads\/2025\/04\/ebook-de-de-importaciones-768x1086.jpg 768w, https:\/\/llamalaamuri.com\/ecommerce\/wp-content\/uploads\/2025\/04\/ebook-de-de-importaciones-1086x1536.jpg 1086w, https:\/\/llamalaamuri.com\/ecommerce\/wp-content\/uploads\/2025\/04\/ebook-de-de-importaciones.jpg 1414w\" sizes=\"auto, (max-width: 724px) 100vw, 724px\" \/><\/figure>\n\n\n\n<p>TE COMPARTO EL INDICE DEL EBOOK, para que puedas ver los temas abarcados<\/p>\n\n\n\n<figure class=\"wp-block-image size-large\"><img loading=\"lazy\" decoding=\"async\" width=\"724\" height=\"1024\" src=\"https:\/\/llamalaamuri.com\/ecommerce\/wp-content\/uploads\/2025\/04\/2-724x1024.jpg\" alt=\"\" class=\"wp-image-46\" srcset=\"https:\/\/llamalaamuri.com\/ecommerce\/wp-content\/uploads\/2025\/04\/2-724x1024.jpg 724w, https:\/\/llamalaamuri.com\/ecommerce\/wp-content\/uploads\/2025\/04\/2-212x300.jpg 212w, https:\/\/llamalaamuri.com\/ecommerce\/wp-content\/uploads\/2025\/04\/2-768x1086.jpg 768w, https:\/\/llamalaamuri.com\/ecommerce\/wp-content\/uploads\/2025\/04\/2-1086x1536.jpg 1086w, https:\/\/llamalaamuri.com\/ecommerce\/wp-content\/uploads\/2025\/04\/2.jpg 1414w\" sizes=\"auto, (max-width: 724px) 100vw, 724px\" \/><\/figure>\n\n\n\n<figure class=\"wp-block-image size-large\"><img loading=\"lazy\" decoding=\"async\" width=\"724\" height=\"1024\" src=\"https:\/\/llamalaamuri.com\/ecommerce\/wp-content\/uploads\/2025\/04\/3-724x1024.jpg\" alt=\"\" class=\"wp-image-49\" srcset=\"https:\/\/llamalaamuri.com\/ecommerce\/wp-content\/uploads\/2025\/04\/3-724x1024.jpg 724w, https:\/\/llamalaamuri.com\/ecommerce\/wp-content\/uploads\/2025\/04\/3-212x300.jpg 212w, https:\/\/llamalaamuri.com\/ecommerce\/wp-content\/uploads\/2025\/04\/3-768x1086.jpg 768w, https:\/\/llamalaamuri.com\/ecommerce\/wp-content\/uploads\/2025\/04\/3-1086x1536.jpg 1086w, https:\/\/llamalaamuri.com\/ecommerce\/wp-content\/uploads\/2025\/04\/3.jpg 1414w\" sizes=\"auto, (max-width: 724px) 100vw, 724px\" \/><\/figure>\n\n\n\n<h2 class=\"wp-block-heading\">podes comprar este ebook ac\u00e1 \ud83d\udc49<a href=\"https:\/\/pay.hotmart.com\/L99388816W?bid=1745506913896\">https:\/\/pay.hotmart.com\/L99388816W?bid=1745506913896<\/a><\/h2>\n","protected":false},"excerpt":{"rendered":"<p>\u00bfQuer\u00e9s empezar a importar con poca inversi\u00f3n pero no sab\u00e9s por d\u00f3nde arrancar? Este eBook est\u00e1 hecho 100% para vos. Si sos emprendedor o emprendedora, ten\u00e9s un presupuesto ajustado (alrededor de 1000 USD), y quer\u00e9s traer productos exclusivos, crear tu propia marca o simplemente revender y ganar m\u00e1s, ac\u00e1 vas a encontrar todo lo que [&hellip;]<\/p>\n","protected":false},"author":1,"featured_media":115,"parent":0,"menu_order":0,"comment_status":"closed","ping_status":"closed","template":"","meta":{"_monsterinsights_skip_tracking":false,"_monsterinsights_sitenote_active":false,"_monsterinsights_sitenote_note":"","_monsterinsights_sitenote_category":0,"footnotes":""},"class_list":["post-14","page","type-page","status-publish","has-post-thumbnail","hentry"],"yoast_head":"<!-- This site is optimized with the Yoast SEO plugin v26.0 - https:\/\/yoast.com\/wordpress\/plugins\/seo\/ -->\n<title>Ebook - ecommercellamalaamuri<\/title>\n<meta name=\"robots\" content=\"index, follow, max-snippet:-1, max-image-preview:large, max-video-preview:-1\" \/>\n<link rel=\"canonical\" href=\"https:\/\/llamalaamuri.com\/ecommerce\/ebook\/\" \/>\n<meta property=\"og:locale\" content=\"es_ES\" \/>\n<meta property=\"og:type\" content=\"article\" \/>\n<meta property=\"og:title\" content=\"Ebook - ecommercellamalaamuri\" \/>\n<meta property=\"og:description\" content=\"\u00bfQuer\u00e9s empezar a importar con poca inversi\u00f3n pero no sab\u00e9s por d\u00f3nde arrancar? Este eBook est\u00e1 hecho 100% para vos. Si sos emprendedor o emprendedora, ten\u00e9s un presupuesto ajustado (alrededor de 1000 USD), y quer\u00e9s traer productos exclusivos, crear tu propia marca o simplemente revender y ganar m\u00e1s, ac\u00e1 vas a encontrar todo lo que [&hellip;]\" \/>\n<meta property=\"og:url\" content=\"https:\/\/llamalaamuri.com\/ecommerce\/ebook\/\" \/>\n<meta property=\"og:site_name\" content=\"ecommercellamalaamuri\" \/>\n<meta property=\"article:publisher\" content=\"https:\/\/www.facebook.com\/Llamalaamuriecommerce\" \/>\n<meta property=\"article:modified_time\" content=\"2025-04-25T12:22:11+00:00\" \/>\n<meta property=\"og:image\" content=\"https:\/\/llamalaamuri.com\/ecommerce\/wp-content\/uploads\/2025\/04\/pexels-olly-974911-scaled.jpg\" \/>\n\t<meta property=\"og:image:width\" content=\"2560\" \/>\n\t<meta property=\"og:image:height\" content=\"1707\" \/>\n\t<meta property=\"og:image:type\" content=\"image\/jpeg\" \/>\n<meta name=\"twitter:card\" content=\"summary_large_image\" \/>\n<meta name=\"twitter:label1\" content=\"Tiempo de lectura\" \/>\n\t<meta name=\"twitter:data1\" content=\"2 minutos\" \/>\n<script type=\"application\/ld+json\" class=\"yoast-schema-graph\">{\"@context\":\"https:\/\/schema.org\",\"@graph\":[{\"@type\":\"WebPage\",\"@id\":\"https:\/\/llamalaamuri.com\/ecommerce\/ebook\/\",\"url\":\"https:\/\/llamalaamuri.com\/ecommerce\/ebook\/\",\"name\":\"Ebook - ecommercellamalaamuri\",\"isPartOf\":{\"@id\":\"https:\/\/llamalaamuri.com\/ecommerce\/#website\"},\"primaryImageOfPage\":{\"@id\":\"https:\/\/llamalaamuri.com\/ecommerce\/ebook\/#primaryimage\"},\"image\":{\"@id\":\"https:\/\/llamalaamuri.com\/ecommerce\/ebook\/#primaryimage\"},\"thumbnailUrl\":\"https:\/\/llamalaamuri.com\/ecommerce\/wp-content\/uploads\/2025\/04\/pexels-olly-974911-scaled.jpg\",\"datePublished\":\"2025-04-21T21:31:06+00:00\",\"dateModified\":\"2025-04-25T12:22:11+00:00\",\"breadcrumb\":{\"@id\":\"https:\/\/llamalaamuri.com\/ecommerce\/ebook\/#breadcrumb\"},\"inLanguage\":\"es-AR\",\"potentialAction\":[{\"@type\":\"ReadAction\",\"target\":[\"https:\/\/llamalaamuri.com\/ecommerce\/ebook\/\"]}]},{\"@type\":\"ImageObject\",\"inLanguage\":\"es-AR\",\"@id\":\"https:\/\/llamalaamuri.com\/ecommerce\/ebook\/#primaryimage\",\"url\":\"https:\/\/llamalaamuri.com\/ecommerce\/wp-content\/uploads\/2025\/04\/pexels-olly-974911-scaled.jpg\",\"contentUrl\":\"https:\/\/llamalaamuri.com\/ecommerce\/wp-content\/uploads\/2025\/04\/pexels-olly-974911-scaled.jpg\",\"width\":2560,\"height\":1707},{\"@type\":\"BreadcrumbList\",\"@id\":\"https:\/\/llamalaamuri.com\/ecommerce\/ebook\/#breadcrumb\",\"itemListElement\":[{\"@type\":\"ListItem\",\"position\":1,\"name\":\"Inicio\",\"item\":\"https:\/\/llamalaamuri.com\/ecommerce\/\"},{\"@type\":\"ListItem\",\"position\":2,\"name\":\"Ebook\"}]},{\"@type\":\"WebSite\",\"@id\":\"https:\/\/llamalaamuri.com\/ecommerce\/#website\",\"url\":\"https:\/\/llamalaamuri.com\/ecommerce\/\",\"name\":\"ecommercellamalaamuri\",\"description\":\"Ecommerce\",\"publisher\":{\"@id\":\"https:\/\/llamalaamuri.com\/ecommerce\/#organization\"},\"potentialAction\":[{\"@type\":\"SearchAction\",\"target\":{\"@type\":\"EntryPoint\",\"urlTemplate\":\"https:\/\/llamalaamuri.com\/ecommerce\/?s={search_term_string}\"},\"query-input\":{\"@type\":\"PropertyValueSpecification\",\"valueRequired\":true,\"valueName\":\"search_term_string\"}}],\"inLanguage\":\"es-AR\"},{\"@type\":\"Organization\",\"@id\":\"https:\/\/llamalaamuri.com\/ecommerce\/#organization\",\"name\":\"ecommercellamalaamuri\",\"url\":\"https:\/\/llamalaamuri.com\/ecommerce\/\",\"logo\":{\"@type\":\"ImageObject\",\"inLanguage\":\"es-AR\",\"@id\":\"https:\/\/llamalaamuri.com\/ecommerce\/#\/schema\/logo\/image\/\",\"url\":\"https:\/\/llamalaamuri.com\/ecommerce\/wp-content\/uploads\/2025\/04\/cropped-logo-llamala-a-muriecommerce-2.png\",\"contentUrl\":\"https:\/\/llamalaamuri.com\/ecommerce\/wp-content\/uploads\/2025\/04\/cropped-logo-llamala-a-muriecommerce-2.png\",\"width\":512,\"height\":512,\"caption\":\"ecommercellamalaamuri\"},\"image\":{\"@id\":\"https:\/\/llamalaamuri.com\/ecommerce\/#\/schema\/logo\/image\/\"},\"sameAs\":[\"https:\/\/www.facebook.com\/Llamalaamuriecommerce\"]}]}<\/script>\n<!-- \/ Yoast SEO plugin. -->","yoast_head_json":{"title":"Ebook - ecommercellamalaamuri","robots":{"index":"index","follow":"follow","max-snippet":"max-snippet:-1","max-image-preview":"max-image-preview:large","max-video-preview":"max-video-preview:-1"},"canonical":"https:\/\/llamalaamuri.com\/ecommerce\/ebook\/","og_locale":"es_ES","og_type":"article","og_title":"Ebook - ecommercellamalaamuri","og_description":"\u00bfQuer\u00e9s empezar a importar con poca inversi\u00f3n pero no sab\u00e9s por d\u00f3nde arrancar? Este eBook est\u00e1 hecho 100% para vos. Si sos emprendedor o emprendedora, ten\u00e9s un presupuesto ajustado (alrededor de 1000 USD), y quer\u00e9s traer productos exclusivos, crear tu propia marca o simplemente revender y ganar m\u00e1s, ac\u00e1 vas a encontrar todo lo que [&hellip;]","og_url":"https:\/\/llamalaamuri.com\/ecommerce\/ebook\/","og_site_name":"ecommercellamalaamuri","article_publisher":"https:\/\/www.facebook.com\/Llamalaamuriecommerce","article_modified_time":"2025-04-25T12:22:11+00:00","og_image":[{"width":2560,"height":1707,"url":"https:\/\/llamalaamuri.com\/ecommerce\/wp-content\/uploads\/2025\/04\/pexels-olly-974911-scaled.jpg","type":"image\/jpeg"}],"twitter_card":"summary_large_image","twitter_misc":{"Tiempo de lectura":"2 minutos"},"schema":{"@context":"https:\/\/schema.org","@graph":[{"@type":"WebPage","@id":"https:\/\/llamalaamuri.com\/ecommerce\/ebook\/","url":"https:\/\/llamalaamuri.com\/ecommerce\/ebook\/","name":"Ebook - ecommercellamalaamuri","isPartOf":{"@id":"https:\/\/llamalaamuri.com\/ecommerce\/#website"},"primaryImageOfPage":{"@id":"https:\/\/llamalaamuri.com\/ecommerce\/ebook\/#primaryimage"},"image":{"@id":"https:\/\/llamalaamuri.com\/ecommerce\/ebook\/#primaryimage"},"thumbnailUrl":"https:\/\/llamalaamuri.com\/ecommerce\/wp-content\/uploads\/2025\/04\/pexels-olly-974911-scaled.jpg","datePublished":"2025-04-21T21:31:06+00:00","dateModified":"2025-04-25T12:22:11+00:00","breadcrumb":{"@id":"https:\/\/llamalaamuri.com\/ecommerce\/ebook\/#breadcrumb"},"inLanguage":"es-AR","potentialAction":[{"@type":"ReadAction","target":["https:\/\/llamalaamuri.com\/ecommerce\/ebook\/"]}]},{"@type":"ImageObject","inLanguage":"es-AR","@id":"https:\/\/llamalaamuri.com\/ecommerce\/ebook\/#primaryimage","url":"https:\/\/llamalaamuri.com\/ecommerce\/wp-content\/uploads\/2025\/04\/pexels-olly-974911-scaled.jpg","contentUrl":"https:\/\/llamalaamuri.com\/ecommerce\/wp-content\/uploads\/2025\/04\/pexels-olly-974911-scaled.jpg","width":2560,"height":1707},{"@type":"BreadcrumbList","@id":"https:\/\/llamalaamuri.com\/ecommerce\/ebook\/#breadcrumb","itemListElement":[{"@type":"ListItem","position":1,"name":"Inicio","item":"https:\/\/llamalaamuri.com\/ecommerce\/"},{"@type":"ListItem","position":2,"name":"Ebook"}]},{"@type":"WebSite","@id":"https:\/\/llamalaamuri.com\/ecommerce\/#website","url":"https:\/\/llamalaamuri.com\/ecommerce\/","name":"ecommercellamalaamuri","description":"Ecommerce","publisher":{"@id":"https:\/\/llamalaamuri.com\/ecommerce\/#organization"},"potentialAction":[{"@type":"SearchAction","target":{"@type":"EntryPoint","urlTemplate":"https:\/\/llamalaamuri.com\/ecommerce\/?s={search_term_string}"},"query-input":{"@type":"PropertyValueSpecification","valueRequired":true,"valueName":"search_term_string"}}],"inLanguage":"es-AR"},{"@type":"Organization","@id":"https:\/\/llamalaamuri.com\/ecommerce\/#organization","name":"ecommercellamalaamuri","url":"https:\/\/llamalaamuri.com\/ecommerce\/","logo":{"@type":"ImageObject","inLanguage":"es-AR","@id":"https:\/\/llamalaamuri.com\/ecommerce\/#\/schema\/logo\/image\/","url":"https:\/\/llamalaamuri.com\/ecommerce\/wp-content\/uploads\/2025\/04\/cropped-logo-llamala-a-muriecommerce-2.png","contentUrl":"https:\/\/llamalaamuri.com\/ecommerce\/wp-content\/uploads\/2025\/04\/cropped-logo-llamala-a-muriecommerce-2.png","width":512,"height":512,"caption":"ecommercellamalaamuri"},"image":{"@id":"https:\/\/llamalaamuri.com\/ecommerce\/#\/schema\/logo\/image\/"},"sameAs":["https:\/\/www.facebook.com\/Llamalaamuriecommerce"]}]}},"_links":{"self":[{"href":"https:\/\/llamalaamuri.com\/ecommerce\/wp-json\/wp\/v2\/pages\/14","targetHints":{"allow":["GET"]}}],"collection":[{"href":"https:\/\/llamalaamuri.com\/ecommerce\/wp-json\/wp\/v2\/pages"}],"about":[{"href":"https:\/\/llamalaamuri.com\/ecommerce\/wp-json\/wp\/v2\/types\/page"}],"author":[{"embeddable":true,"href":"https:\/\/llamalaamuri.com\/ecommerce\/wp-json\/wp\/v2\/users\/1"}],"replies":[{"embeddable":true,"href":"https:\/\/llamalaamuri.com\/ecommerce\/wp-json\/wp\/v2\/comments?post=14"}],"version-history":[{"count":7,"href":"https:\/\/llamalaamuri.com\/ecommerce\/wp-json\/wp\/v2\/pages\/14\/revisions"}],"predecessor-version":[{"id":124,"href":"https:\/\/llamalaamuri.com\/ecommerce\/wp-json\/wp\/v2\/pages\/14\/revisions\/124"}],"wp:featuredmedia":[{"embeddable":true,"href":"https:\/\/llamalaamuri.com\/ecommerce\/wp-json\/wp\/v2\/media\/115"}],"wp:attachment":[{"href":"https:\/\/llamalaamuri.com\/ecommerce\/wp-json\/wp\/v2\/media?parent=14"}],"curies":[{"name":"wp","href":"https:\/\/api.w.org\/{rel}","templated":true}]}}